{"id":232,"date":"2022-07-19T14:14:24","date_gmt":"2022-07-19T12:14:24","guid":{"rendered":"https:\/\/yoga-kundalini-dijon.com\/?page_id=232"},"modified":"2022-09-12T15:36:24","modified_gmt":"2022-09-12T13:36:24","slug":"yin-yoga","status":"publish","type":"page","link":"https:\/\/yoga-kundalini-dijon.com\/?page_id=232","title":{"rendered":"Yin Yoga"},"content":{"rendered":"\n[et_pb_section fb_built=\u00a0\u00bb1&Prime; _builder_version=\u00a0\u00bb4.17.4&Prime; _module_preset=\u00a0\u00bbdefault\u00a0\u00bb background_color=\u00a0\u00bb#919191&Prime; background_image=\u00a0\u00bbhttps:\/\/yoga-kundalini-dijon.com\/wp-content\/uploads\/2022\/07\/YY_11.jpg\u00a0\u00bb module_alignment=\u00a0\u00bbcenter\u00a0\u00bb min_height=\u00a0\u00bb320px\u00a0\u00bb global_colors_info=\u00a0\u00bb{}\u00a0\u00bb][et_pb_row _builder_version=\u00a0\u00bb4.17.4&Prime; _module_preset=\u00a0\u00bbdefault\u00a0\u00bb global_colors_info=\u00a0\u00bb{}\u00a0\u00bb][et_pb_column type=\u00a0\u00bb4_4&Prime; _builder_version=\u00a0\u00bb4.17.4&Prime; _module_preset=\u00a0\u00bbdefault\u00a0\u00bb global_colors_info=\u00a0\u00bb{}\u00a0\u00bb][et_pb_text _builder_version=\u00a0\u00bb4.17.4&Prime; _module_preset=\u00a0\u00bbdefault\u00a0\u00bb text_text_color=\u00a0\u00bb#bb9750&Prime; custom_margin=\u00a0\u00bb60px||||false|false\u00a0\u00bb animation_style=\u00a0\u00bbfade\u00a0\u00bb global_colors_info=\u00a0\u00bb{}\u00a0\u00bb]<h1 style=\"text-align: center;\"><span style=\"color: #bb9750;\">YIN YOGA<\/span><\/h1>[\/et_pb_text][\/et_pb_column][\/et_pb_row][\/et_pb_section][et_pb_section fb_built=\u00a0\u00bb1&Prime; _builder_version=\u00a0\u00bb4.17.4&Prime; _module_preset=\u00a0\u00bbdefault\u00a0\u00bb global_colors_info=\u00a0\u00bb{}\u00a0\u00bb][et_pb_row _builder_version=\u00a0\u00bb4.17.4&Prime; _module_preset=\u00a0\u00bbdefault\u00a0\u00bb global_colors_info=\u00a0\u00bb{}\u00a0\u00bb][et_pb_column type=\u00a0\u00bb4_4&Prime; _builder_version=\u00a0\u00bb4.17.4&Prime; _module_preset=\u00a0\u00bbdefault\u00a0\u00bb global_colors_info=\u00a0\u00bb{}\u00a0\u00bb][et_pb_text _builder_version=\u00a0\u00bb4.17.4&Prime; _module_preset=\u00a0\u00bbdefault\u00a0\u00bb text_font=\u00a0\u00bb|300|||||||\u00a0\u00bb text_orientation=\u00a0\u00bbcenter\u00a0\u00bb animation_style=\u00a0\u00bbfade\u00a0\u00bb global_colors_info=\u00a0\u00bb{}\u00a0\u00bb]<p>Le Yin Yoga est une invitation \u00e0 ralentir.<br \/>Cette pratique nous offre un temps pour soi, pour se relier \u00e0 notre corps et notre monde int\u00e9rieur. <br \/>Une v\u00e9ritable exploration corporelle \u00e0 travers chaque posture install\u00e9e dans un temps long. <br \/>Le Yin Yoga permet de rel\u00e2cher en profondeur toutes tensions physiques et \u00e9motionnelles. <br \/>Sa pratique va \u00e9tirer les tissus profonds tels que les fascias, les tendons, les ligaments et agira sur les m\u00e9ridiens.<span class=\"Apple-converted-space\">\u00a0<\/span><\/p>[\/et_pb_text][et_pb_divider _builder_version=\u00a0\u00bb4.17.4&Prime; _module_preset=\u00a0\u00bbdefault\u00a0\u00bb width=\u00a0\u00bb10%\u00a0\u00bb module_alignment=\u00a0\u00bbcenter\u00a0\u00bb animation_style=\u00a0\u00bbfade\u00a0\u00bb global_colors_info=\u00a0\u00bb{}\u00a0\u00bb][\/et_pb_divider][\/et_pb_column][\/et_pb_row][et_pb_row column_structure=\u00a0\u00bb1_3,1_3,1_3&Prime; _builder_version=\u00a0\u00bb4.17.4&Prime; _module_preset=\u00a0\u00bbdefault\u00a0\u00bb global_colors_info=\u00a0\u00bb{}\u00a0\u00bb][et_pb_column type=\u00a0\u00bb1_3&Prime; _builder_version=\u00a0\u00bb4.17.4&Prime; _module_preset=\u00a0\u00bbdefault\u00a0\u00bb global_colors_info=\u00a0\u00bb{}\u00a0\u00bb][et_pb_image src=\u00a0\u00bbhttps:\/\/yoga-kundalini-dijon.com\/wp-content\/uploads\/2022\/07\/YY_04.jpg\u00a0\u00bb title_text=\u00a0\u00bbYY_04&Prime; _builder_version=\u00a0\u00bb4.17.4&Prime; _module_preset=\u00a0\u00bbdefault\u00a0\u00bb width=\u00a0\u00bb70%\u00a0\u00bb module_alignment=\u00a0\u00bbcenter\u00a0\u00bb animation_style=\u00a0\u00bbfade\u00a0\u00bb global_colors_info=\u00a0\u00bb{}\u00a0\u00bb][\/et_pb_image][et_pb_text _builder_version=\u00a0\u00bb4.17.4&Prime; _module_preset=\u00a0\u00bbdefault\u00a0\u00bb text_font=\u00a0\u00bb||||||||\u00a0\u00bb text_orientation=\u00a0\u00bbcenter\u00a0\u00bb animation_style=\u00a0\u00bbfade\u00a0\u00bb global_colors_info=\u00a0\u00bb{}\u00a0\u00bb]<h2>ADAPTABILITE<\/h2>[\/et_pb_text][et_pb_divider _builder_version=\u00a0\u00bb4.17.4&Prime; _module_preset=\u00a0\u00bbdefault\u00a0\u00bb width=\u00a0\u00bb30%\u00a0\u00bb module_alignment=\u00a0\u00bbcenter\u00a0\u00bb custom_margin=\u00a0\u00bb||0px||false|false\u00a0\u00bb custom_padding=\u00a0\u00bb||0px||false|false\u00a0\u00bb animation_style=\u00a0\u00bbfade\u00a0\u00bb global_colors_info=\u00a0\u00bb{}\u00a0\u00bb][\/et_pb_divider][et_pb_text _builder_version=\u00a0\u00bb4.17.4&Prime; _module_preset=\u00a0\u00bbdefault\u00a0\u00bb text_font=\u00a0\u00bb|300|||||||\u00a0\u00bb animation_style=\u00a0\u00bbfade\u00a0\u00bb animation_direction=\u00a0\u00bbtop\u00a0\u00bb global_colors_info=\u00a0\u00bb{}\u00a0\u00bb]<p style=\"text-align: center;\">Chaque corps est diff\u00e9rent avec son histoire et sa morphologie, pas de recherche de posture parfaite ni d\u2019esth\u00e9tisme.\u00a0Le but du Yin yoga est de laisser le corps aller l\u00e0 o\u00f9 il peut, de progresser \u00e0 son rythme.<\/p>[\/et_pb_text][\/et_pb_column][et_pb_column type=\u00a0\u00bb1_3&Prime; _builder_version=\u00a0\u00bb4.17.4&Prime; _module_preset=\u00a0\u00bbdefault\u00a0\u00bb global_colors_info=\u00a0\u00bb{}\u00a0\u00bb][et_pb_image src=\u00a0\u00bbhttps:\/\/yoga-kundalini-dijon.com\/wp-content\/uploads\/2022\/07\/YY_05.jpg\u00a0\u00bb title_text=\u00a0\u00bbYY_05&Prime; _builder_version=\u00a0\u00bb4.17.4&Prime; _module_preset=\u00a0\u00bbdefault\u00a0\u00bb width=\u00a0\u00bb70%\u00a0\u00bb module_alignment=\u00a0\u00bbcenter\u00a0\u00bb animation_style=\u00a0\u00bbfade\u00a0\u00bb global_colors_info=\u00a0\u00bb{}\u00a0\u00bb][\/et_pb_image][et_pb_text _builder_version=\u00a0\u00bb4.17.4&Prime; _module_preset=\u00a0\u00bbdefault\u00a0\u00bb text_font=\u00a0\u00bb||||||||\u00a0\u00bb text_orientation=\u00a0\u00bbcenter\u00a0\u00bb global_colors_info=\u00a0\u00bb{}\u00a0\u00bb]<h2>L\u2019IMMOBILITE<\/h2>[\/et_pb_text][et_pb_divider _builder_version=\u00a0\u00bb4.17.4&Prime; _module_preset=\u00a0\u00bbdefault\u00a0\u00bb width=\u00a0\u00bb30%\u00a0\u00bb module_alignment=\u00a0\u00bbcenter\u00a0\u00bb custom_margin=\u00a0\u00bb||0px||false|false\u00a0\u00bb custom_padding=\u00a0\u00bb||0px||false|false\u00a0\u00bb animation_style=\u00a0\u00bbfade\u00a0\u00bb global_colors_info=\u00a0\u00bb{}\u00a0\u00bb][\/et_pb_divider][et_pb_text _builder_version=\u00a0\u00bb4.17.4&Prime; _module_preset=\u00a0\u00bbdefault\u00a0\u00bb text_font=\u00a0\u00bb|300|||||||\u00a0\u00bb animation_style=\u00a0\u00bbfade\u00a0\u00bb animation_direction=\u00a0\u00bbtop\u00a0\u00bb global_colors_info=\u00a0\u00bb{}\u00a0\u00bb]<p>Une fois la posture install\u00e9e nous faisons l\u2019exp\u00e9rience de l\u2019immobilit\u00e9. Dans cet engagement du corps, l\u2019esprit continuera son mouvement. Ce sera une parfaite opportunit\u00e9 pour mettre de la conscience \u00e0 cet instant afin d\u2019accepter et pacifier pleinement ce qui se pr\u00e9sente \u00e0 soi.<span class=\"Apple-converted-space\">\u00a0<\/span><\/p>[\/et_pb_text][\/et_pb_column][et_pb_column type=\u00a0\u00bb1_3&Prime; _builder_version=\u00a0\u00bb4.17.4&Prime; _module_preset=\u00a0\u00bbdefault\u00a0\u00bb global_colors_info=\u00a0\u00bb{}\u00a0\u00bb][et_pb_image src=\u00a0\u00bbhttps:\/\/yoga-kundalini-dijon.com\/wp-content\/uploads\/2022\/07\/YY_06.jpg\u00a0\u00bb title_text=\u00a0\u00bbYY_06&Prime; _builder_version=\u00a0\u00bb4.17.4&Prime; _module_preset=\u00a0\u00bbdefault\u00a0\u00bb width=\u00a0\u00bb70%\u00a0\u00bb module_alignment=\u00a0\u00bbcenter\u00a0\u00bb animation_style=\u00a0\u00bbfade\u00a0\u00bb global_colors_info=\u00a0\u00bb{}\u00a0\u00bb][\/et_pb_image][et_pb_text _builder_version=\u00a0\u00bb4.17.4&Prime; _module_preset=\u00a0\u00bbdefault\u00a0\u00bb text_font=\u00a0\u00bb||||||||\u00a0\u00bb text_orientation=\u00a0\u00bbcenter\u00a0\u00bb animation_style=\u00a0\u00bbfade\u00a0\u00bb global_colors_info=\u00a0\u00bb{}\u00a0\u00bb]<h2>LA DUREE<\/h2>[\/et_pb_text][et_pb_divider _builder_version=\u00a0\u00bb4.17.4&Prime; _module_preset=\u00a0\u00bbdefault\u00a0\u00bb width=\u00a0\u00bb30%\u00a0\u00bb module_alignment=\u00a0\u00bbcenter\u00a0\u00bb custom_margin=\u00a0\u00bb||0px||false|false\u00a0\u00bb custom_padding=\u00a0\u00bb||0px||false|false\u00a0\u00bb animation_style=\u00a0\u00bbfade\u00a0\u00bb global_colors_info=\u00a0\u00bb{}\u00a0\u00bb][\/et_pb_divider][et_pb_text _builder_version=\u00a0\u00bb4.17.4&Prime; _module_preset=\u00a0\u00bbdefault\u00a0\u00bb text_font=\u00a0\u00bb|300|||||||\u00a0\u00bb animation_style=\u00a0\u00bbfade\u00a0\u00bb animation_direction=\u00a0\u00bbtop\u00a0\u00bb hover_enabled=\u00a0\u00bb0&Prime; global_colors_info=\u00a0\u00bb{}\u00a0\u00bb sticky_enabled=\u00a0\u00bb0&Prime;]<p>La dur\u00e9e moyenne de l\u2019immobilit\u00e9 du corps dans une posture est de 3 \u00e0 5 minutes. Les tendons, les ligaments et les fascias ont besoin d\u2019\u00eatre \u00e9tir\u00e9s sur des temps longs pour commencer \u00e0 rel\u00e2cher les tensions profond\u00e9ment.<span class=\"Apple-converted-space\">\u00a0<\/span><\/p>[\/et_pb_text][\/et_pb_column][\/et_pb_row][et_pb_row _builder_version=\u00a0\u00bb4.17.4&Prime; _module_preset=\u00a0\u00bbdefault\u00a0\u00bb global_colors_info=\u00a0\u00bb{}\u00a0\u00bb][et_pb_column type=\u00a0\u00bb4_4&Prime; _builder_version=\u00a0\u00bb4.17.4&Prime; _module_preset=\u00a0\u00bbdefault\u00a0\u00bb global_colors_info=\u00a0\u00bb{}\u00a0\u00bb][et_pb_image src=\u00a0\u00bbhttps:\/\/yoga-kundalini-dijon.com\/wp-content\/uploads\/2022\/07\/separation.jpg\u00a0\u00bb title_text=\u00a0\u00bbseparation\u00a0\u00bb _builder_version=\u00a0\u00bb4.17.4&Prime; _module_preset=\u00a0\u00bbdefault\u00a0\u00bb width=\u00a0\u00bb140px\u00a0\u00bb module_alignment=\u00a0\u00bbcenter\u00a0\u00bb custom_margin=\u00a0\u00bb0px||50px||false|false\u00a0\u00bb global_colors_info=\u00a0\u00bb{}\u00a0\u00bb][\/et_pb_image][et_pb_button button_url=\u00a0\u00bbhttps:\/\/yoga-kundalini-dijon.com\/?page_id=82&Prime; button_text=\u00a0\u00bbTrouver un cours de Yin Yoga\u00a0\u00bb button_alignment=\u00a0\u00bbcenter\u00a0\u00bb _builder_version=\u00a0\u00bb4.17.4&Prime; _module_preset=\u00a0\u00bbdefault\u00a0\u00bb custom_button=\u00a0\u00bbon\u00a0\u00bb button_text_size=\u00a0\u00bb16px\u00a0\u00bb button_text_color=\u00a0\u00bb#bb9750&Prime; button_bg_color=\u00a0\u00bbRGBA(255,255,255,0)\u00a0\u00bb button_border_width=\u00a0\u00bb1px\u00a0\u00bb button_border_radius=\u00a0\u00bb3px\u00a0\u00bb button_font=\u00a0\u00bbMontserrat|300|||||||\u00a0\u00bb button_use_icon=\u00a0\u00bboff\u00a0\u00bb animation_style=\u00a0\u00bbfade\u00a0\u00bb button_text_color_tablet=\u00a0\u00bb\u00a0\u00bb button_text_color_phone=\u00a0\u00bb\u00a0\u00bb button_text_color_last_edited=\u00a0\u00bbon|desktop\u00a0\u00bb global_colors_info=\u00a0\u00bb{}\u00a0\u00bb button_border_width__hover_enabled=\u00a0\u00bbon|hover\u00a0\u00bb button_bg_color__hover_enabled=\u00a0\u00bbon|hover\u00a0\u00bb button_bg_color__hover=\u00a0\u00bb#bb9750&Prime; button_bg_enable_color__hover=\u00a0\u00bbon\u00a0\u00bb button_text_color__hover_enabled=\u00a0\u00bbon|desktop\u00a0\u00bb button_text_color__hover=\u00a0\u00bb#FFFFFF\u00a0\u00bb button_border_width__hover=\u00a0\u00bb1px\u00a0\u00bb][\/et_pb_button][\/et_pb_column][\/et_pb_row][\/et_pb_section][et_pb_section fb_built=\u00a0\u00bb1&Prime; _builder_version=\u00a0\u00bb4.17.4&Prime; _module_preset=\u00a0\u00bbdefault\u00a0\u00bb global_colors_info=\u00a0\u00bb{}\u00a0\u00bb][\/et_pb_section]\n","protected":false},"excerpt":{"rendered":"<p>YIN YOGALe Yin Yoga est une invitation \u00e0 ralentir.Cette pratique nous offre un temps pour soi, pour se relier \u00e0 notre corps et notre monde int\u00e9rieur. Une v\u00e9ritable exploration corporelle [&hellip;]<\/p>\n","protected":false},"author":1,"featured_media":0,"parent":0,"menu_order":0,"comment_status":"closed","ping_status":"closed","template":"","meta":{"_et_pb_use_builder":"on","_et_pb_old_content":"<!-- wp:divi\/placeholder \/-->","_et_gb_content_width":"","footnotes":""},"class_list":["post-232","page","type-page","status-publish","hentry"],"yoast_head":"<!-- This site is optimized with the Yoast SEO plugin v25.7 - https:\/\/yoast.com\/wordpress\/plugins\/seo\/ -->\n<title>Yin Yoga - Dijon - Sophie Machij<\/title>\n<meta name=\"description\" content=\"Toutes les informations \u00e0 propos du Yin Yoga. D\u00e9couvrez cette discipline tout en douceur pour plonger dans votre int\u00e9riorit\u00e9 et vous apaiser\" \/>\n<meta name=\"robots\" content=\"index, follow, max-snippet:-1, max-image-preview:large, max-video-preview:-1\" \/>\n<link rel=\"canonical\" href=\"https:\/\/yoga-kundalini-dijon.com\/?page_id=232\" \/>\n<meta property=\"og:locale\" content=\"fr_FR\" \/>\n<meta property=\"og:type\" content=\"article\" \/>\n<meta property=\"og:title\" content=\"Yin Yoga - Dijon - Sophie Machij\" \/>\n<meta property=\"og:description\" content=\"Toutes les informations \u00e0 propos du Yin Yoga. D\u00e9couvrez cette discipline tout en douceur pour plonger dans votre int\u00e9riorit\u00e9 et vous apaiser\" \/>\n<meta property=\"og:url\" content=\"https:\/\/yoga-kundalini-dijon.com\/?page_id=232\" \/>\n<meta property=\"og:site_name\" content=\"Sophie Machij\" \/>\n<meta property=\"article:modified_time\" content=\"2022-09-12T13:36:24+00:00\" \/>\n<meta name=\"twitter:card\" content=\"summary_large_image\" \/>\n<meta name=\"twitter:label1\" content=\"Dur\u00e9e de lecture estim\u00e9e\" \/>\n\t<meta name=\"twitter:data1\" content=\"3 minutes\" \/>\n<script type=\"application\/ld+json\" class=\"yoast-schema-graph\">{\"@context\":\"https:\/\/schema.org\",\"@graph\":[{\"@type\":\"WebPage\",\"@id\":\"https:\/\/yoga-kundalini-dijon.com\/?page_id=232\",\"url\":\"https:\/\/yoga-kundalini-dijon.com\/?page_id=232\",\"name\":\"Yin Yoga - Dijon - Sophie Machij\",\"isPartOf\":{\"@id\":\"https:\/\/yoga-kundalini-dijon.com\/#website\"},\"datePublished\":\"2022-07-19T12:14:24+00:00\",\"dateModified\":\"2022-09-12T13:36:24+00:00\",\"description\":\"Toutes les informations \u00e0 propos du Yin Yoga. D\u00e9couvrez cette discipline tout en douceur pour plonger dans votre int\u00e9riorit\u00e9 et vous apaiser\",\"breadcrumb\":{\"@id\":\"https:\/\/yoga-kundalini-dijon.com\/?page_id=232#breadcrumb\"},\"inLanguage\":\"fr-FR\",\"potentialAction\":[{\"@type\":\"ReadAction\",\"target\":[\"https:\/\/yoga-kundalini-dijon.com\/?page_id=232\"]}]},{\"@type\":\"BreadcrumbList\",\"@id\":\"https:\/\/yoga-kundalini-dijon.com\/?page_id=232#breadcrumb\",\"itemListElement\":[{\"@type\":\"ListItem\",\"position\":1,\"name\":\"Accueil\",\"item\":\"https:\/\/yoga-kundalini-dijon.com\/\"},{\"@type\":\"ListItem\",\"position\":2,\"name\":\"Yin Yoga\"}]},{\"@type\":\"WebSite\",\"@id\":\"https:\/\/yoga-kundalini-dijon.com\/#website\",\"url\":\"https:\/\/yoga-kundalini-dijon.com\/\",\"name\":\"Sophie Machij\",\"description\":\"Kundalini yoga et Yin yoga\",\"publisher\":{\"@id\":\"https:\/\/yoga-kundalini-dijon.com\/#\/schema\/person\/6574539bab336f72befe0dcadc3018e6\"},\"potentialAction\":[{\"@type\":\"SearchAction\",\"target\":{\"@type\":\"EntryPoint\",\"urlTemplate\":\"https:\/\/yoga-kundalini-dijon.com\/?s={search_term_string}\"},\"query-input\":{\"@type\":\"PropertyValueSpecification\",\"valueRequired\":true,\"valueName\":\"search_term_string\"}}],\"inLanguage\":\"fr-FR\"},{\"@type\":[\"Person\",\"Organization\"],\"@id\":\"https:\/\/yoga-kundalini-dijon.com\/#\/schema\/person\/6574539bab336f72befe0dcadc3018e6\",\"name\":\"Sophie\",\"image\":{\"@type\":\"ImageObject\",\"inLanguage\":\"fr-FR\",\"@id\":\"https:\/\/yoga-kundalini-dijon.com\/#\/schema\/person\/image\/\",\"url\":\"https:\/\/yoga-kundalini-dijon.com\/wp-content\/uploads\/2022\/07\/Logo-900px.png\",\"contentUrl\":\"https:\/\/yoga-kundalini-dijon.com\/wp-content\/uploads\/2022\/07\/Logo-900px.png\",\"width\":970,\"height\":696,\"caption\":\"Sophie\"},\"logo\":{\"@id\":\"https:\/\/yoga-kundalini-dijon.com\/#\/schema\/person\/image\/\"}}]}<\/script>\n<!-- \/ Yoast SEO plugin. -->","yoast_head_json":{"title":"Yin Yoga - Dijon - Sophie Machij","description":"Toutes les informations \u00e0 propos du Yin Yoga. D\u00e9couvrez cette discipline tout en douceur pour plonger dans votre int\u00e9riorit\u00e9 et vous apaiser","robots":{"index":"index","follow":"follow","max-snippet":"max-snippet:-1","max-image-preview":"max-image-preview:large","max-video-preview":"max-video-preview:-1"},"canonical":"https:\/\/yoga-kundalini-dijon.com\/?page_id=232","og_locale":"fr_FR","og_type":"article","og_title":"Yin Yoga - Dijon - Sophie Machij","og_description":"Toutes les informations \u00e0 propos du Yin Yoga. D\u00e9couvrez cette discipline tout en douceur pour plonger dans votre int\u00e9riorit\u00e9 et vous apaiser","og_url":"https:\/\/yoga-kundalini-dijon.com\/?page_id=232","og_site_name":"Sophie Machij","article_modified_time":"2022-09-12T13:36:24+00:00","twitter_card":"summary_large_image","twitter_misc":{"Dur\u00e9e de lecture estim\u00e9e":"3 minutes"},"schema":{"@context":"https:\/\/schema.org","@graph":[{"@type":"WebPage","@id":"https:\/\/yoga-kundalini-dijon.com\/?page_id=232","url":"https:\/\/yoga-kundalini-dijon.com\/?page_id=232","name":"Yin Yoga - Dijon - Sophie Machij","isPartOf":{"@id":"https:\/\/yoga-kundalini-dijon.com\/#website"},"datePublished":"2022-07-19T12:14:24+00:00","dateModified":"2022-09-12T13:36:24+00:00","description":"Toutes les informations \u00e0 propos du Yin Yoga. D\u00e9couvrez cette discipline tout en douceur pour plonger dans votre int\u00e9riorit\u00e9 et vous apaiser","breadcrumb":{"@id":"https:\/\/yoga-kundalini-dijon.com\/?page_id=232#breadcrumb"},"inLanguage":"fr-FR","potentialAction":[{"@type":"ReadAction","target":["https:\/\/yoga-kundalini-dijon.com\/?page_id=232"]}]},{"@type":"BreadcrumbList","@id":"https:\/\/yoga-kundalini-dijon.com\/?page_id=232#breadcrumb","itemListElement":[{"@type":"ListItem","position":1,"name":"Accueil","item":"https:\/\/yoga-kundalini-dijon.com\/"},{"@type":"ListItem","position":2,"name":"Yin Yoga"}]},{"@type":"WebSite","@id":"https:\/\/yoga-kundalini-dijon.com\/#website","url":"https:\/\/yoga-kundalini-dijon.com\/","name":"Sophie Machij","description":"Kundalini yoga et Yin yoga","publisher":{"@id":"https:\/\/yoga-kundalini-dijon.com\/#\/schema\/person\/6574539bab336f72befe0dcadc3018e6"},"potentialAction":[{"@type":"SearchAction","target":{"@type":"EntryPoint","urlTemplate":"https:\/\/yoga-kundalini-dijon.com\/?s={search_term_string}"},"query-input":{"@type":"PropertyValueSpecification","valueRequired":true,"valueName":"search_term_string"}}],"inLanguage":"fr-FR"},{"@type":["Person","Organization"],"@id":"https:\/\/yoga-kundalini-dijon.com\/#\/schema\/person\/6574539bab336f72befe0dcadc3018e6","name":"Sophie","image":{"@type":"ImageObject","inLanguage":"fr-FR","@id":"https:\/\/yoga-kundalini-dijon.com\/#\/schema\/person\/image\/","url":"https:\/\/yoga-kundalini-dijon.com\/wp-content\/uploads\/2022\/07\/Logo-900px.png","contentUrl":"https:\/\/yoga-kundalini-dijon.com\/wp-content\/uploads\/2022\/07\/Logo-900px.png","width":970,"height":696,"caption":"Sophie"},"logo":{"@id":"https:\/\/yoga-kundalini-dijon.com\/#\/schema\/person\/image\/"}}]}},"_links":{"self":[{"href":"https:\/\/yoga-kundalini-dijon.com\/index.php?rest_route=\/wp\/v2\/pages\/232","targetHints":{"allow":["GET"]}}],"collection":[{"href":"https:\/\/yoga-kundalini-dijon.com\/index.php?rest_route=\/wp\/v2\/pages"}],"about":[{"href":"https:\/\/yoga-kundalini-dijon.com\/index.php?rest_route=\/wp\/v2\/types\/page"}],"author":[{"embeddable":true,"href":"https:\/\/yoga-kundalini-dijon.com\/index.php?rest_route=\/wp\/v2\/users\/1"}],"replies":[{"embeddable":true,"href":"https:\/\/yoga-kundalini-dijon.com\/index.php?rest_route=%2Fwp%2Fv2%2Fcomments&post=232"}],"version-history":[{"count":11,"href":"https:\/\/yoga-kundalini-dijon.com\/index.php?rest_route=\/wp\/v2\/pages\/232\/revisions"}],"predecessor-version":[{"id":1448,"href":"https:\/\/yoga-kundalini-dijon.com\/index.php?rest_route=\/wp\/v2\/pages\/232\/revisions\/1448"}],"wp:attachment":[{"href":"https:\/\/yoga-kundalini-dijon.com\/index.php?rest_route=%2Fwp%2Fv2%2Fmedia&parent=232"}],"curies":[{"name":"wp","href":"https:\/\/api.w.org\/{rel}","templated":true}]}}