{"id":72,"date":"2022-07-07T10:27:27","date_gmt":"2022-07-07T08:27:27","guid":{"rendered":"https:\/\/yoga-kundalini-dijon.com\/?page_id=72"},"modified":"2022-09-12T15:27:32","modified_gmt":"2022-09-12T13:27:32","slug":"kundalini-yoga","status":"publish","type":"page","link":"https:\/\/yoga-kundalini-dijon.com\/?page_id=72","title":{"rendered":"Kundalini Yoga"},"content":{"rendered":"<p>[et_pb_section fb_built=\u00a0\u00bb1&Prime; _builder_version=\u00a0\u00bb4.17.4&Prime; _module_preset=\u00a0\u00bbdefault\u00a0\u00bb background_color=\u00a0\u00bb#919191&Prime; background_image=\u00a0\u00bbhttps:\/\/yoga-kundalini-dijon.com\/wp-content\/uploads\/2022\/07\/KY-12.jpg\u00a0\u00bb module_alignment=\u00a0\u00bbcenter\u00a0\u00bb min_height=\u00a0\u00bb320px\u00a0\u00bb global_colors_info=\u00a0\u00bb{}\u00a0\u00bb][et_pb_row _builder_version=\u00a0\u00bb4.17.4&Prime; _module_preset=\u00a0\u00bbdefault\u00a0\u00bb global_colors_info=\u00a0\u00bb{}\u00a0\u00bb][et_pb_column type=\u00a0\u00bb4_4&Prime; _builder_version=\u00a0\u00bb4.17.4&Prime; _module_preset=\u00a0\u00bbdefault\u00a0\u00bb global_colors_info=\u00a0\u00bb{}\u00a0\u00bb][et_pb_text _builder_version=\u00a0\u00bb4.17.4&Prime; _module_preset=\u00a0\u00bbdefault\u00a0\u00bb text_text_color=\u00a0\u00bb#997941&Prime; custom_margin=\u00a0\u00bb60px||||false|false\u00a0\u00bb animation_style=\u00a0\u00bbfade\u00a0\u00bb global_colors_info=\u00a0\u00bb{}\u00a0\u00bb]<\/p>\n<h1 style=\"text-align: center;\"><span style=\"color: #a38345;\">KUNDALINI YOGA<\/span><\/h1>\n<p>[\/et_pb_text][\/et_pb_column][\/et_pb_row][\/et_pb_section][et_pb_section fb_built=\u00a0\u00bb1&Prime; _builder_version=\u00a0\u00bb4.17.4&Prime; _module_preset=\u00a0\u00bbdefault\u00a0\u00bb global_colors_info=\u00a0\u00bb{}\u00a0\u00bb][et_pb_row _builder_version=\u00a0\u00bb4.17.4&Prime; _module_preset=\u00a0\u00bbdefault\u00a0\u00bb global_colors_info=\u00a0\u00bb{}\u00a0\u00bb][et_pb_column type=\u00a0\u00bb4_4&Prime; _builder_version=\u00a0\u00bb4.17.4&Prime; _module_preset=\u00a0\u00bbdefault\u00a0\u00bb global_colors_info=\u00a0\u00bb{}\u00a0\u00bb][et_pb_text _builder_version=\u00a0\u00bb4.17.4&Prime; _module_preset=\u00a0\u00bbdefault\u00a0\u00bb text_orientation=\u00a0\u00bbcenter\u00a0\u00bb animation_style=\u00a0\u00bbfade\u00a0\u00bb global_colors_info=\u00a0\u00bb{}\u00a0\u00bb]<\/p>\n<h2><span>Le Yoga &#8211; La Kundalini &#8211; Le Kundalini Yoga<\/span><\/h2>\n<p>[\/et_pb_text][et_pb_divider _builder_version=\u00a0\u00bb4.17.4&Prime; _module_preset=\u00a0\u00bbdefault\u00a0\u00bb width=\u00a0\u00bb10%\u00a0\u00bb module_alignment=\u00a0\u00bbcenter\u00a0\u00bb animation_style=\u00a0\u00bbfade\u00a0\u00bb global_colors_info=\u00a0\u00bb{}\u00a0\u00bb][\/et_pb_divider][\/et_pb_column][\/et_pb_row][et_pb_row column_structure=\u00a0\u00bb1_2,1_2&Prime; _builder_version=\u00a0\u00bb4.17.4&Prime; _module_preset=\u00a0\u00bbdefault\u00a0\u00bb global_colors_info=\u00a0\u00bb{}\u00a0\u00bb][et_pb_column type=\u00a0\u00bb1_2&Prime; _builder_version=\u00a0\u00bb4.17.4&Prime; _module_preset=\u00a0\u00bbdefault\u00a0\u00bb global_colors_info=\u00a0\u00bb{}\u00a0\u00bb][et_pb_image src=\u00a0\u00bbhttps:\/\/yoga-kundalini-dijon.com\/wp-content\/uploads\/2022\/07\/KY-rond-1200_06.jpg\u00a0\u00bb title_text=\u00a0\u00bbKY-rond-1200_06&Prime; _builder_version=\u00a0\u00bb4.17.4&Prime; _module_preset=\u00a0\u00bbdefault\u00a0\u00bb animation_style=\u00a0\u00bbfade\u00a0\u00bb global_colors_info=\u00a0\u00bb{}\u00a0\u00bb][\/et_pb_image][\/et_pb_column][et_pb_column type=\u00a0\u00bb1_2&Prime; _builder_version=\u00a0\u00bb4.17.4&Prime; _module_preset=\u00a0\u00bbdefault\u00a0\u00bb global_colors_info=\u00a0\u00bb{}\u00a0\u00bb][et_pb_text _builder_version=\u00a0\u00bb4.17.4&Prime; _module_preset=\u00a0\u00bbdefault\u00a0\u00bb text_font=\u00a0\u00bb|||on|||||\u00a0\u00bb animation_style=\u00a0\u00bbfade\u00a0\u00bb global_colors_info=\u00a0\u00bb{}\u00a0\u00bb]<\/p>\n<h3>Yoga<\/h3>\n<p>[\/et_pb_text][et_pb_divider _builder_version=\u00a0\u00bb4.17.4&Prime; _module_preset=\u00a0\u00bbdefault\u00a0\u00bb width=\u00a0\u00bb20%\u00a0\u00bb animation_style=\u00a0\u00bbfade\u00a0\u00bb global_colors_info=\u00a0\u00bb{}\u00a0\u00bb][\/et_pb_divider][et_pb_text _builder_version=\u00a0\u00bb4.17.4&Prime; _module_preset=\u00a0\u00bbdefault\u00a0\u00bb text_font=\u00a0\u00bb|300|||||||\u00a0\u00bb animation_style=\u00a0\u00bbfade\u00a0\u00bb animation_direction=\u00a0\u00bbtop\u00a0\u00bb global_colors_info=\u00a0\u00bb{}\u00a0\u00bb]<\/p>\n<p>Yoga veut dire \u00ab\u00a0Union\u00a0\u00bb<br \/>Le Yoga est l\u2019union entre la Conscience individuelle et la Conscience Infinie.<br \/>Le Yogi est celui qui, par la pratique du Yoga, cherche \u00e0 fusionner son soi individuel avec le Soi Infini.<br \/>Gr\u00e2ce \u00e0 une mise en mouvement en conscience du corps et de l\u2019esprit, le yoga nous lib\u00e8re du poids de nos contraintes physiques, \u00e9motionnelles et mentales pour finalement \u00e9veiller avec l\u00e9g\u00e8ret\u00e9 notre plein potentiel cr\u00e9atif.<\/p>\n<p>[\/et_pb_text][\/et_pb_column][\/et_pb_row][et_pb_row column_structure=\u00a0\u00bb1_2,1_2&Prime; _builder_version=\u00a0\u00bb4.17.4&Prime; _module_preset=\u00a0\u00bbdefault\u00a0\u00bb global_colors_info=\u00a0\u00bb{}\u00a0\u00bb][et_pb_column type=\u00a0\u00bb1_2&Prime; _builder_version=\u00a0\u00bb4.17.4&Prime; _module_preset=\u00a0\u00bbdefault\u00a0\u00bb global_colors_info=\u00a0\u00bb{}\u00a0\u00bb][et_pb_text _builder_version=\u00a0\u00bb4.17.4&Prime; _module_preset=\u00a0\u00bbdefault\u00a0\u00bb text_font=\u00a0\u00bb|||on|||||\u00a0\u00bb animation_style=\u00a0\u00bbfade\u00a0\u00bb global_colors_info=\u00a0\u00bb{}\u00a0\u00bb]<\/p>\n<h3>La Kundalini<\/h3>\n<p>[\/et_pb_text][et_pb_divider _builder_version=\u00a0\u00bb4.17.4&Prime; _module_preset=\u00a0\u00bbdefault\u00a0\u00bb width=\u00a0\u00bb20%\u00a0\u00bb animation_style=\u00a0\u00bbfade\u00a0\u00bb global_colors_info=\u00a0\u00bb{}\u00a0\u00bb][\/et_pb_divider][et_pb_text _builder_version=\u00a0\u00bb4.17.4&Prime; _module_preset=\u00a0\u00bbdefault\u00a0\u00bb text_font=\u00a0\u00bb|300|||||||\u00a0\u00bb animation_style=\u00a0\u00bbfade\u00a0\u00bb animation_direction=\u00a0\u00bbtop\u00a0\u00bb global_colors_info=\u00a0\u00bb{}\u00a0\u00bb]<\/p>\n<p>La Kundalini est l\u2019\u00e9nergie spirituelle lov\u00e9e en chacun de nous.<br \/>Il est dit qu\u2019elle est endormie \u00e0 la base de notre colonne vert\u00e9brale.<br \/>Stimul\u00e9e par la pratique, elle s\u2019\u00e9veillerait, s\u2019\u00e9leverait de notre sacrum vers le sommet de notre t\u00eate traversant et purifiant chacun de nos centres \u00e9nerg\u00e9tiques. Une fois ce processus pleinement achev\u00e9, la kundalini nous offrirait le plein et parfait \u00e9veil.<\/p>\n<p>[\/et_pb_text][\/et_pb_column][et_pb_column type=\u00a0\u00bb1_2&Prime; _builder_version=\u00a0\u00bb4.17.4&Prime; _module_preset=\u00a0\u00bbdefault\u00a0\u00bb global_colors_info=\u00a0\u00bb{}\u00a0\u00bb][et_pb_image src=\u00a0\u00bbhttps:\/\/yoga-kundalini-dijon.com\/wp-content\/uploads\/2022\/07\/KY-rond-1200_04.jpg\u00a0\u00bb title_text=\u00a0\u00bbKY-rond-1200_04&Prime; _builder_version=\u00a0\u00bb4.17.4&Prime; _module_preset=\u00a0\u00bbdefault\u00a0\u00bb animation_style=\u00a0\u00bbfade\u00a0\u00bb global_colors_info=\u00a0\u00bb{}\u00a0\u00bb][\/et_pb_image][\/et_pb_column][\/et_pb_row][\/et_pb_section][et_pb_section fb_built=\u00a0\u00bb1&Prime; _builder_version=\u00a0\u00bb4.17.4&Prime; _module_preset=\u00a0\u00bbdefault\u00a0\u00bb background_image=\u00a0\u00bbhttps:\/\/yoga-kundalini-dijon.com\/wp-content\/uploads\/2022\/07\/KY-paralax_02.jpg\u00a0\u00bb parallax=\u00a0\u00bbon\u00a0\u00bb min_height=\u00a0\u00bb252px\u00a0\u00bb global_colors_info=\u00a0\u00bb{}\u00a0\u00bb][et_pb_row _builder_version=\u00a0\u00bb4.17.4&Prime; _module_preset=\u00a0\u00bbdefault\u00a0\u00bb global_colors_info=\u00a0\u00bb{}\u00a0\u00bb][et_pb_column type=\u00a0\u00bb4_4&Prime; _builder_version=\u00a0\u00bb4.17.4&Prime; _module_preset=\u00a0\u00bbdefault\u00a0\u00bb global_colors_info=\u00a0\u00bb{}\u00a0\u00bb][\/et_pb_column][\/et_pb_row][\/et_pb_section][et_pb_section fb_built=\u00a0\u00bb1&Prime; _builder_version=\u00a0\u00bb4.17.4&Prime; _module_preset=\u00a0\u00bbdefault\u00a0\u00bb global_colors_info=\u00a0\u00bb{}\u00a0\u00bb][et_pb_row _builder_version=\u00a0\u00bb4.17.4&Prime; _module_preset=\u00a0\u00bbdefault\u00a0\u00bb width=\u00a0\u00bb60%\u00a0\u00bb global_colors_info=\u00a0\u00bb{}\u00a0\u00bb][et_pb_column type=\u00a0\u00bb4_4&Prime; _builder_version=\u00a0\u00bb4.17.4&Prime; _module_preset=\u00a0\u00bbdefault\u00a0\u00bb global_colors_info=\u00a0\u00bb{}\u00a0\u00bb][et_pb_text _builder_version=\u00a0\u00bb4.17.4&Prime; _module_preset=\u00a0\u00bbdefault\u00a0\u00bb text_font=\u00a0\u00bb|||on|||||\u00a0\u00bb text_orientation=\u00a0\u00bbcenter\u00a0\u00bb animation_style=\u00a0\u00bbfade\u00a0\u00bb global_colors_info=\u00a0\u00bb{}\u00a0\u00bb]<\/p>\n<h3>Le Kundalini Yoga<\/h3>\n<p>[\/et_pb_text][et_pb_divider _builder_version=\u00a0\u00bb4.17.4&Prime; _module_preset=\u00a0\u00bbdefault\u00a0\u00bb width=\u00a0\u00bb20%\u00a0\u00bb module_alignment=\u00a0\u00bbcenter\u00a0\u00bb animation_style=\u00a0\u00bbfade\u00a0\u00bb global_colors_info=\u00a0\u00bb{}\u00a0\u00bb][\/et_pb_divider][\/et_pb_column][\/et_pb_row][et_pb_row column_structure=\u00a0\u00bb1_2,1_2&Prime; _builder_version=\u00a0\u00bb4.17.4&Prime; _module_preset=\u00a0\u00bbdefault\u00a0\u00bb global_colors_info=\u00a0\u00bb{}\u00a0\u00bb][et_pb_column type=\u00a0\u00bb1_2&Prime; _builder_version=\u00a0\u00bb4.17.4&Prime; _module_preset=\u00a0\u00bbdefault\u00a0\u00bb global_colors_info=\u00a0\u00bb{}\u00a0\u00bb][et_pb_text _builder_version=\u00a0\u00bb4.17.4&Prime; _module_preset=\u00a0\u00bbdefault\u00a0\u00bb text_font=\u00a0\u00bb|300|||||||\u00a0\u00bb animation_style=\u00a0\u00bbfade\u00a0\u00bb animation_direction=\u00a0\u00bbtop\u00a0\u00bb global_colors_info=\u00a0\u00bb{}\u00a0\u00bb]<\/p>\n<p style=\"text-align: left;\">Il existe 22 grands courants de Yoga, chacun de ces yogas vise le m\u00eame objectif mais par le biais de m\u00e9thodes diff\u00e9rentes. Lorsque certains yogas accentueront leurs pratiques sur le travail du corps physique, d\u2019autres seront centr\u00e9s sur la m\u00e9ditation, ou l\u2019utilisation de mantra, certains travailleront sur les Pranayamas \u2013 techniques respiratoires. Le Kundalini Yoga quant \u00e0 lui, regroupe toutes ces pratiques.<\/p>\n<p>[\/et_pb_text][et_pb_text _builder_version=\u00a0\u00bb4.17.4&Prime; _module_preset=\u00a0\u00bbdefault\u00a0\u00bb text_font=\u00a0\u00bb|300|||||||\u00a0\u00bb animation_style=\u00a0\u00bbfade\u00a0\u00bb animation_direction=\u00a0\u00bbtop\u00a0\u00bb hover_enabled=\u00a0\u00bb0&Prime; global_colors_info=\u00a0\u00bb{}\u00a0\u00bb sticky_enabled=\u00a0\u00bb0&Prime;]<\/p>\n<p style=\"text-align: left;\">C&rsquo;est un Yoga moderne soutenu par une sagesse ancestrale.\u00a0C\u2019est un puissant vecteur pour une plus grande harmonie physique, \u00e9motionnelle et spirituelle.<\/p>\n<p>[\/et_pb_text][\/et_pb_column][et_pb_column type=\u00a0\u00bb1_2&Prime; _builder_version=\u00a0\u00bb4.17.4&Prime; _module_preset=\u00a0\u00bbdefault\u00a0\u00bb global_colors_info=\u00a0\u00bb{}\u00a0\u00bb][et_pb_text _builder_version=\u00a0\u00bb4.17.4&Prime; _module_preset=\u00a0\u00bbdefault\u00a0\u00bb text_font=\u00a0\u00bb|300|||||||\u00a0\u00bb animation_style=\u00a0\u00bbfade\u00a0\u00bb animation_direction=\u00a0\u00bbtop\u00a0\u00bb global_colors_info=\u00a0\u00bb{}\u00a0\u00bb]<\/p>\n<p>Une pratique subtil et puissante qui agit efficacement sur le stress, l&rsquo;angoisse, la d\u00e9pression,la d\u00e9pendance et autres troubles. Le but \u00e9tant de renforcer le syst\u00e8me nerveux, am\u00e9liorer la circulation sanguine, augmenter la capacit\u00e9 respiratoire, tonifier l\u2019appareil digestif et stabiliser le mental. La conscience de soi et du monde s\u2019\u00e9largit, la compr\u00e9hension de la vie s\u2019approfondit, permettant un sentiment croissant d\u2019\u00e9quilibre et de pl\u00e9nitude. L&rsquo;id\u00e9e est d&rsquo;apprendre \u00e0 se respecter et respecter ses limites tout en sortant de sa zone de confort ! Un v\u00e9ritable chemin vers Soi.<span class=\"Apple-converted-space\">\u00a0<\/span><\/p>\n<p>[\/et_pb_text][\/et_pb_column][\/et_pb_row][\/et_pb_section][et_pb_section fb_built=\u00a0\u00bb1&Prime; _builder_version=\u00a0\u00bb4.17.4&Prime; _module_preset=\u00a0\u00bbdefault\u00a0\u00bb background_image=\u00a0\u00bbhttps:\/\/yoga-kundalini-dijon.com\/wp-content\/uploads\/2022\/07\/KY-07.jpg\u00a0\u00bb parallax=\u00a0\u00bbon\u00a0\u00bb min_height=\u00a0\u00bb252px\u00a0\u00bb global_colors_info=\u00a0\u00bb{}\u00a0\u00bb][et_pb_row _builder_version=\u00a0\u00bb4.17.4&Prime; _module_preset=\u00a0\u00bbdefault\u00a0\u00bb global_colors_info=\u00a0\u00bb{}\u00a0\u00bb][et_pb_column type=\u00a0\u00bb4_4&Prime; _builder_version=\u00a0\u00bb4.17.4&Prime; _module_preset=\u00a0\u00bbdefault\u00a0\u00bb global_colors_info=\u00a0\u00bb{}\u00a0\u00bb][\/et_pb_column][\/et_pb_row][\/et_pb_section][et_pb_section fb_built=\u00a0\u00bb1&Prime; module_id=\u00a0\u00bbderoulement\u00a0\u00bb _builder_version=\u00a0\u00bb4.17.4&Prime; _module_preset=\u00a0\u00bbdefault\u00a0\u00bb global_colors_info=\u00a0\u00bb{}\u00a0\u00bb][et_pb_row _builder_version=\u00a0\u00bb4.17.4&Prime; _module_preset=\u00a0\u00bbdefault\u00a0\u00bb global_colors_info=\u00a0\u00bb{}\u00a0\u00bb][et_pb_column type=\u00a0\u00bb4_4&Prime; _builder_version=\u00a0\u00bb4.17.4&Prime; _module_preset=\u00a0\u00bbdefault\u00a0\u00bb global_colors_info=\u00a0\u00bb{}\u00a0\u00bb][et_pb_text _builder_version=\u00a0\u00bb4.17.4&Prime; _module_preset=\u00a0\u00bbdefault\u00a0\u00bb text_font=\u00a0\u00bb|300|||||||\u00a0\u00bb text_orientation=\u00a0\u00bbcenter\u00a0\u00bb animation_style=\u00a0\u00bbfade\u00a0\u00bb hover_enabled=\u00a0\u00bb0&Prime; global_colors_info=\u00a0\u00bb{}\u00a0\u00bb sticky_enabled=\u00a0\u00bb0&Prime;]<\/p>\n<h2><span>D\u00e9roulement d&rsquo;un cours<\/span><\/h2>\n<p>[\/et_pb_text][et_pb_divider _builder_version=\u00a0\u00bb4.17.4&Prime; _module_preset=\u00a0\u00bbdefault\u00a0\u00bb width=\u00a0\u00bb20%\u00a0\u00bb module_alignment=\u00a0\u00bbcenter\u00a0\u00bb animation_style=\u00a0\u00bbfade\u00a0\u00bb global_colors_info=\u00a0\u00bb{}\u00a0\u00bb][\/et_pb_divider][\/et_pb_column][\/et_pb_row][et_pb_row column_structure=\u00a0\u00bb2_5,3_5&Prime; _builder_version=\u00a0\u00bb4.17.4&Prime; _module_preset=\u00a0\u00bbdefault\u00a0\u00bb global_colors_info=\u00a0\u00bb{}\u00a0\u00bb][et_pb_column type=\u00a0\u00bb2_5&Prime; _builder_version=\u00a0\u00bb4.17.4&Prime; _module_preset=\u00a0\u00bbdefault\u00a0\u00bb global_colors_info=\u00a0\u00bb{}\u00a0\u00bb][et_pb_image src=\u00a0\u00bbhttps:\/\/yoga-kundalini-dijon.com\/wp-content\/uploads\/2022\/07\/KY-rond-1200_05.jpg\u00a0\u00bb title_text=\u00a0\u00bbKY-rond-1200_05&Prime; align=\u00a0\u00bbcenter\u00a0\u00bb _builder_version=\u00a0\u00bb4.17.4&Prime; _module_preset=\u00a0\u00bbdefault\u00a0\u00bb width=\u00a0\u00bb260px\u00a0\u00bb animation_style=\u00a0\u00bbfade\u00a0\u00bb global_colors_info=\u00a0\u00bb{}\u00a0\u00bb][\/et_pb_image][\/et_pb_column][et_pb_column type=\u00a0\u00bb3_5&Prime; _builder_version=\u00a0\u00bb4.17.4&Prime; _module_preset=\u00a0\u00bbdefault\u00a0\u00bb global_colors_info=\u00a0\u00bb{}\u00a0\u00bb][et_pb_text _builder_version=\u00a0\u00bb4.17.4&Prime; _module_preset=\u00a0\u00bbdefault\u00a0\u00bb text_font=\u00a0\u00bb|300|||||||\u00a0\u00bb custom_margin=\u00a0\u00bb50px||||false|false\u00a0\u00bb animation_style=\u00a0\u00bbfade\u00a0\u00bb animation_direction=\u00a0\u00bbtop\u00a0\u00bb global_colors_info=\u00a0\u00bb{}\u00a0\u00bb]<\/p>\n<p>Le Kundalini Yoga offre un large panel de techniques ce qui rend la pratique tr\u00e8s compl\u00e8te. Le cours d\u00e9marre avec des mantras suivi d&rsquo;un kriya (kriya veut dire action compl\u00e8te) c&rsquo;est une s\u00e9rie de postures ou exercices qui visent une fonction ou un organe afin de nettoyer et faire circuler l&rsquo;\u00e9nergie. Ce yoga agit \u00e9galement en profondeur sur notre subconscient pour y d\u00e9loger nos vieux sch\u00e9mas mentaux et r\u00e9p\u00e9titifs. Le corps est ensuite pr\u00eat pour la relaxation et la m\u00e9ditation.<span class=\"Apple-converted-space\">\u00a0<\/span><\/p>\n<p>[\/et_pb_text][\/et_pb_column][\/et_pb_row][et_pb_row _builder_version=\u00a0\u00bb4.17.4&Prime; _module_preset=\u00a0\u00bbdefault\u00a0\u00bb global_colors_info=\u00a0\u00bb{}\u00a0\u00bb][et_pb_column type=\u00a0\u00bb4_4&Prime; _builder_version=\u00a0\u00bb4.17.4&Prime; _module_preset=\u00a0\u00bbdefault\u00a0\u00bb global_colors_info=\u00a0\u00bb{}\u00a0\u00bb][et_pb_image src=\u00a0\u00bbhttps:\/\/yoga-kundalini-dijon.com\/wp-content\/uploads\/2022\/07\/separation.jpg\u00a0\u00bb title_text=\u00a0\u00bbseparation\u00a0\u00bb _builder_version=\u00a0\u00bb4.17.4&Prime; _module_preset=\u00a0\u00bbdefault\u00a0\u00bb width=\u00a0\u00bb140px\u00a0\u00bb module_alignment=\u00a0\u00bbcenter\u00a0\u00bb custom_margin=\u00a0\u00bb0px||50px||false|false\u00a0\u00bb global_colors_info=\u00a0\u00bb{}\u00a0\u00bb][\/et_pb_image][et_pb_button button_url=\u00a0\u00bbhttps:\/\/yoga-kundalini-dijon.com\/?page_id=82&Prime; button_text=\u00a0\u00bbTrouver un cours de Kundalini Yoga\u00a0\u00bb button_alignment=\u00a0\u00bbcenter\u00a0\u00bb _builder_version=\u00a0\u00bb4.17.4&Prime; _module_preset=\u00a0\u00bbdefault\u00a0\u00bb custom_button=\u00a0\u00bbon\u00a0\u00bb button_text_size=\u00a0\u00bb16px\u00a0\u00bb button_text_color=\u00a0\u00bb#bb9750&Prime; button_bg_color=\u00a0\u00bbRGBA(255,255,255,0)\u00a0\u00bb button_border_width=\u00a0\u00bb1px\u00a0\u00bb button_border_radius=\u00a0\u00bb3px\u00a0\u00bb button_font=\u00a0\u00bbMontserrat|300|||||||\u00a0\u00bb button_use_icon=\u00a0\u00bboff\u00a0\u00bb animation_style=\u00a0\u00bbfade\u00a0\u00bb button_text_color_tablet=\u00a0\u00bb\u00a0\u00bb button_text_color_phone=\u00a0\u00bb\u00a0\u00bb button_text_color_last_edited=\u00a0\u00bbon|desktop\u00a0\u00bb global_colors_info=\u00a0\u00bb{}\u00a0\u00bb button_border_width__hover_enabled=\u00a0\u00bbon|hover\u00a0\u00bb button_bg_color__hover_enabled=\u00a0\u00bbon|hover\u00a0\u00bb button_bg_color__hover=\u00a0\u00bb#bb9750&Prime; button_bg_enable_color__hover=\u00a0\u00bbon\u00a0\u00bb button_text_color__hover_enabled=\u00a0\u00bbon|desktop\u00a0\u00bb button_text_color__hover=\u00a0\u00bb#FFFFFF\u00a0\u00bb button_border_width__hover=\u00a0\u00bb1px\u00a0\u00bb][\/et_pb_button][\/et_pb_column][\/et_pb_row][\/et_pb_section]<\/p>\n","protected":false},"excerpt":{"rendered":"<p>KUNDALINI YOGALe Yoga &#8211; La Kundalini &#8211; Le Kundalini YogaYogaYoga veut dire \u00ab\u00a0Union\u00a0\u00bbLe Yoga est l\u2019union entre la Conscience individuelle et la Conscience Infinie.Le Yogi est celui qui, par la [&hellip;]<\/p>\n","protected":false},"author":1,"featured_media":0,"parent":0,"menu_order":0,"comment_status":"closed","ping_status":"closed","template":"","meta":{"_et_pb_use_builder":"on","_et_pb_old_content":"<!-- wp:divi\/placeholder \/-->","_et_gb_content_width":"","footnotes":""},"class_list":["post-72","page","type-page","status-publish","hentry"],"yoast_head":"<!-- This site is optimized with the Yoast SEO plugin v25.7 - https:\/\/yoast.com\/wordpress\/plugins\/seo\/ -->\n<title>kundalini Yoga \u00e0 Dijon<\/title>\n<meta name=\"description\" content=\"Qu&#039;est ce que le Yoga ? Qu&#039;est ce que la Kundalini ? Toutes les informations pour mieux comprendre le Kundalini Yoga.\" \/>\n<meta name=\"robots\" content=\"index, follow, max-snippet:-1, max-image-preview:large, max-video-preview:-1\" \/>\n<link rel=\"canonical\" href=\"https:\/\/yoga-kundalini-dijon.com\/?page_id=72\" \/>\n<meta property=\"og:locale\" content=\"fr_FR\" \/>\n<meta property=\"og:type\" content=\"article\" \/>\n<meta property=\"og:title\" content=\"kundalini Yoga \u00e0 Dijon\" \/>\n<meta property=\"og:description\" content=\"Qu&#039;est ce que le Yoga ? Qu&#039;est ce que la Kundalini ? Toutes les informations pour mieux comprendre le Kundalini Yoga.\" \/>\n<meta property=\"og:url\" content=\"https:\/\/yoga-kundalini-dijon.com\/?page_id=72\" \/>\n<meta property=\"og:site_name\" content=\"Sophie Machij\" \/>\n<meta property=\"article:modified_time\" content=\"2022-09-12T13:27:32+00:00\" \/>\n<meta name=\"twitter:card\" content=\"summary_large_image\" \/>\n<meta name=\"twitter:label1\" content=\"Dur\u00e9e de lecture estim\u00e9e\" \/>\n\t<meta name=\"twitter:data1\" content=\"4 minutes\" \/>\n<script type=\"application\/ld+json\" class=\"yoast-schema-graph\">{\"@context\":\"https:\/\/schema.org\",\"@graph\":[{\"@type\":\"WebPage\",\"@id\":\"https:\/\/yoga-kundalini-dijon.com\/?page_id=72\",\"url\":\"https:\/\/yoga-kundalini-dijon.com\/?page_id=72\",\"name\":\"kundalini Yoga \u00e0 Dijon\",\"isPartOf\":{\"@id\":\"https:\/\/yoga-kundalini-dijon.com\/#website\"},\"datePublished\":\"2022-07-07T08:27:27+00:00\",\"dateModified\":\"2022-09-12T13:27:32+00:00\",\"description\":\"Qu'est ce que le Yoga ? Qu'est ce que la Kundalini ? Toutes les informations pour mieux comprendre le Kundalini Yoga.\",\"breadcrumb\":{\"@id\":\"https:\/\/yoga-kundalini-dijon.com\/?page_id=72#breadcrumb\"},\"inLanguage\":\"fr-FR\",\"potentialAction\":[{\"@type\":\"ReadAction\",\"target\":[\"https:\/\/yoga-kundalini-dijon.com\/?page_id=72\"]}]},{\"@type\":\"BreadcrumbList\",\"@id\":\"https:\/\/yoga-kundalini-dijon.com\/?page_id=72#breadcrumb\",\"itemListElement\":[{\"@type\":\"ListItem\",\"position\":1,\"name\":\"Accueil\",\"item\":\"https:\/\/yoga-kundalini-dijon.com\/\"},{\"@type\":\"ListItem\",\"position\":2,\"name\":\"Kundalini Yoga\"}]},{\"@type\":\"WebSite\",\"@id\":\"https:\/\/yoga-kundalini-dijon.com\/#website\",\"url\":\"https:\/\/yoga-kundalini-dijon.com\/\",\"name\":\"Sophie Machij\",\"description\":\"Kundalini yoga et Yin yoga\",\"publisher\":{\"@id\":\"https:\/\/yoga-kundalini-dijon.com\/#\/schema\/person\/6574539bab336f72befe0dcadc3018e6\"},\"potentialAction\":[{\"@type\":\"SearchAction\",\"target\":{\"@type\":\"EntryPoint\",\"urlTemplate\":\"https:\/\/yoga-kundalini-dijon.com\/?s={search_term_string}\"},\"query-input\":{\"@type\":\"PropertyValueSpecification\",\"valueRequired\":true,\"valueName\":\"search_term_string\"}}],\"inLanguage\":\"fr-FR\"},{\"@type\":[\"Person\",\"Organization\"],\"@id\":\"https:\/\/yoga-kundalini-dijon.com\/#\/schema\/person\/6574539bab336f72befe0dcadc3018e6\",\"name\":\"Sophie\",\"image\":{\"@type\":\"ImageObject\",\"inLanguage\":\"fr-FR\",\"@id\":\"https:\/\/yoga-kundalini-dijon.com\/#\/schema\/person\/image\/\",\"url\":\"https:\/\/yoga-kundalini-dijon.com\/wp-content\/uploads\/2022\/07\/Logo-900px.png\",\"contentUrl\":\"https:\/\/yoga-kundalini-dijon.com\/wp-content\/uploads\/2022\/07\/Logo-900px.png\",\"width\":970,\"height\":696,\"caption\":\"Sophie\"},\"logo\":{\"@id\":\"https:\/\/yoga-kundalini-dijon.com\/#\/schema\/person\/image\/\"}}]}<\/script>\n<!-- \/ Yoast SEO plugin. -->","yoast_head_json":{"title":"kundalini Yoga \u00e0 Dijon","description":"Qu'est ce que le Yoga ? Qu'est ce que la Kundalini ? Toutes les informations pour mieux comprendre le Kundalini Yoga.","robots":{"index":"index","follow":"follow","max-snippet":"max-snippet:-1","max-image-preview":"max-image-preview:large","max-video-preview":"max-video-preview:-1"},"canonical":"https:\/\/yoga-kundalini-dijon.com\/?page_id=72","og_locale":"fr_FR","og_type":"article","og_title":"kundalini Yoga \u00e0 Dijon","og_description":"Qu'est ce que le Yoga ? Qu'est ce que la Kundalini ? Toutes les informations pour mieux comprendre le Kundalini Yoga.","og_url":"https:\/\/yoga-kundalini-dijon.com\/?page_id=72","og_site_name":"Sophie Machij","article_modified_time":"2022-09-12T13:27:32+00:00","twitter_card":"summary_large_image","twitter_misc":{"Dur\u00e9e de lecture estim\u00e9e":"4 minutes"},"schema":{"@context":"https:\/\/schema.org","@graph":[{"@type":"WebPage","@id":"https:\/\/yoga-kundalini-dijon.com\/?page_id=72","url":"https:\/\/yoga-kundalini-dijon.com\/?page_id=72","name":"kundalini Yoga \u00e0 Dijon","isPartOf":{"@id":"https:\/\/yoga-kundalini-dijon.com\/#website"},"datePublished":"2022-07-07T08:27:27+00:00","dateModified":"2022-09-12T13:27:32+00:00","description":"Qu'est ce que le Yoga ? Qu'est ce que la Kundalini ? Toutes les informations pour mieux comprendre le Kundalini Yoga.","breadcrumb":{"@id":"https:\/\/yoga-kundalini-dijon.com\/?page_id=72#breadcrumb"},"inLanguage":"fr-FR","potentialAction":[{"@type":"ReadAction","target":["https:\/\/yoga-kundalini-dijon.com\/?page_id=72"]}]},{"@type":"BreadcrumbList","@id":"https:\/\/yoga-kundalini-dijon.com\/?page_id=72#breadcrumb","itemListElement":[{"@type":"ListItem","position":1,"name":"Accueil","item":"https:\/\/yoga-kundalini-dijon.com\/"},{"@type":"ListItem","position":2,"name":"Kundalini Yoga"}]},{"@type":"WebSite","@id":"https:\/\/yoga-kundalini-dijon.com\/#website","url":"https:\/\/yoga-kundalini-dijon.com\/","name":"Sophie Machij","description":"Kundalini yoga et Yin yoga","publisher":{"@id":"https:\/\/yoga-kundalini-dijon.com\/#\/schema\/person\/6574539bab336f72befe0dcadc3018e6"},"potentialAction":[{"@type":"SearchAction","target":{"@type":"EntryPoint","urlTemplate":"https:\/\/yoga-kundalini-dijon.com\/?s={search_term_string}"},"query-input":{"@type":"PropertyValueSpecification","valueRequired":true,"valueName":"search_term_string"}}],"inLanguage":"fr-FR"},{"@type":["Person","Organization"],"@id":"https:\/\/yoga-kundalini-dijon.com\/#\/schema\/person\/6574539bab336f72befe0dcadc3018e6","name":"Sophie","image":{"@type":"ImageObject","inLanguage":"fr-FR","@id":"https:\/\/yoga-kundalini-dijon.com\/#\/schema\/person\/image\/","url":"https:\/\/yoga-kundalini-dijon.com\/wp-content\/uploads\/2022\/07\/Logo-900px.png","contentUrl":"https:\/\/yoga-kundalini-dijon.com\/wp-content\/uploads\/2022\/07\/Logo-900px.png","width":970,"height":696,"caption":"Sophie"},"logo":{"@id":"https:\/\/yoga-kundalini-dijon.com\/#\/schema\/person\/image\/"}}]}},"_links":{"self":[{"href":"https:\/\/yoga-kundalini-dijon.com\/index.php?rest_route=\/wp\/v2\/pages\/72","targetHints":{"allow":["GET"]}}],"collection":[{"href":"https:\/\/yoga-kundalini-dijon.com\/index.php?rest_route=\/wp\/v2\/pages"}],"about":[{"href":"https:\/\/yoga-kundalini-dijon.com\/index.php?rest_route=\/wp\/v2\/types\/page"}],"author":[{"embeddable":true,"href":"https:\/\/yoga-kundalini-dijon.com\/index.php?rest_route=\/wp\/v2\/users\/1"}],"replies":[{"embeddable":true,"href":"https:\/\/yoga-kundalini-dijon.com\/index.php?rest_route=%2Fwp%2Fv2%2Fcomments&post=72"}],"version-history":[{"count":31,"href":"https:\/\/yoga-kundalini-dijon.com\/index.php?rest_route=\/wp\/v2\/pages\/72\/revisions"}],"predecessor-version":[{"id":1447,"href":"https:\/\/yoga-kundalini-dijon.com\/index.php?rest_route=\/wp\/v2\/pages\/72\/revisions\/1447"}],"wp:attachment":[{"href":"https:\/\/yoga-kundalini-dijon.com\/index.php?rest_route=%2Fwp%2Fv2%2Fmedia&parent=72"}],"curies":[{"name":"wp","href":"https:\/\/api.w.org\/{rel}","templated":true}]}}