{"id":777,"date":"2022-07-20T10:49:46","date_gmt":"2022-07-20T08:49:46","guid":{"rendered":"https:\/\/yoga-kundalini-dijon.com\/?page_id=777"},"modified":"2022-07-20T10:49:47","modified_gmt":"2022-07-20T08:49:47","slug":"mentions-legales","status":"publish","type":"page","link":"https:\/\/yoga-kundalini-dijon.com\/?page_id=777","title":{"rendered":"mentions l\u00e9gales"},"content":{"rendered":"\n[et_pb_section fb_built=\u00a0\u00bb1&Prime; theme_builder_area=\u00a0\u00bbpost_content\u00a0\u00bb _builder_version=\u00a0\u00bb4.17.4&Prime; _module_preset=\u00a0\u00bbdefault\u00a0\u00bb title_text=\u00a0\u00bbKY-02&Prime; background_image=\u00a0\u00bbhttps:\/\/yoga-kundalini-dijon.com\/wp-content\/uploads\/2022\/07\/KY-02.jpg\u00a0\u00bb hover_enabled=\u00a0\u00bb0&Prime; sticky_enabled=\u00a0\u00bb0&Prime;][et_pb_row _builder_version=\u00a0\u00bb4.17.4&Prime; _module_preset=\u00a0\u00bbdefault\u00a0\u00bb theme_builder_area=\u00a0\u00bbpost_content\u00a0\u00bb][et_pb_column _builder_version=\u00a0\u00bb4.17.4&Prime; _module_preset=\u00a0\u00bbdefault\u00a0\u00bb type=\u00a0\u00bb4_4&Prime; theme_builder_area=\u00a0\u00bbpost_content\u00a0\u00bb][et_pb_text _builder_version=\u00a0\u00bb4.17.4&Prime; _module_preset=\u00a0\u00bbdefault\u00a0\u00bb theme_builder_area=\u00a0\u00bbpost_content\u00a0\u00bb text_orientation=\u00a0\u00bbcenter\u00a0\u00bb hover_enabled=\u00a0\u00bb0&Prime; sticky_enabled=\u00a0\u00bb0&Prime;]<h1 style=\"text-align: center;\"><span style=\"color: #bb9750;\">MENTIONS L\u00c9GALES<\/span><\/h1>[\/et_pb_text][\/et_pb_column][\/et_pb_row][\/et_pb_section][et_pb_section fb_built=\u00a0\u00bb1&Prime; theme_builder_area=\u00a0\u00bbpost_content\u00a0\u00bb _builder_version=\u00a0\u00bb4.17.4&Prime; _module_preset=\u00a0\u00bbdefault\u00a0\u00bb][et_pb_row _builder_version=\u00a0\u00bb4.17.4&Prime; _module_preset=\u00a0\u00bbdefault\u00a0\u00bb theme_builder_area=\u00a0\u00bbpost_content\u00a0\u00bb][et_pb_column _builder_version=\u00a0\u00bb4.17.4&Prime; _module_preset=\u00a0\u00bbdefault\u00a0\u00bb type=\u00a0\u00bb4_4&Prime; theme_builder_area=\u00a0\u00bbpost_content\u00a0\u00bb][et_pb_text _builder_version=\u00a0\u00bb4.17.4&Prime; _module_preset=\u00a0\u00bbdefault\u00a0\u00bb theme_builder_area=\u00a0\u00bbpost_content\u00a0\u00bb text_font=\u00a0\u00bb|300|||||||\u00a0\u00bb hover_enabled=\u00a0\u00bb0&Prime; sticky_enabled=\u00a0\u00bb0&Prime; text_orientation=\u00a0\u00bbcenter\u00a0\u00bb]<p>Ici seront inscrites toutes les mentions l\u00e9gales, cr\u00e9dits photos, et autres infos pratiques<\/p>[\/et_pb_text][\/et_pb_column][\/et_pb_row][\/et_pb_section]\n","protected":false},"excerpt":{"rendered":"<p>MENTIONS L\u00c9GALESIci seront inscrites toutes les mentions l\u00e9gales, cr\u00e9dits photos, et autres infos pratiques<\/p>\n","protected":false},"author":1,"featured_media":0,"parent":0,"menu_order":0,"comment_status":"closed","ping_status":"closed","template":"","meta":{"_et_pb_use_builder":"on","_et_pb_old_content":"","_et_gb_content_width":"","footnotes":""},"class_list":["post-777","page","type-page","status-publish","hentry"],"yoast_head":"<!-- This site is optimized with the Yoast SEO plugin v25.7 - https:\/\/yoast.com\/wordpress\/plugins\/seo\/ -->\n<title>mentions l\u00e9gales - Sophie Machij<\/title>\n<meta name=\"robots\" content=\"index, follow, max-snippet:-1, max-image-preview:large, max-video-preview:-1\" \/>\n<link rel=\"canonical\" href=\"https:\/\/yoga-kundalini-dijon.com\/?page_id=777\" \/>\n<meta property=\"og:locale\" content=\"fr_FR\" \/>\n<meta property=\"og:type\" content=\"article\" \/>\n<meta property=\"og:title\" content=\"mentions l\u00e9gales - Sophie Machij\" \/>\n<meta property=\"og:description\" content=\"MENTIONS L\u00c9GALESIci seront inscrites toutes les mentions l\u00e9gales, cr\u00e9dits photos, et autres infos pratiques\" \/>\n<meta property=\"og:url\" content=\"https:\/\/yoga-kundalini-dijon.com\/?page_id=777\" \/>\n<meta property=\"og:site_name\" content=\"Sophie Machij\" \/>\n<meta property=\"article:modified_time\" content=\"2022-07-20T08:49:47+00:00\" \/>\n<meta name=\"twitter:card\" content=\"summary_large_image\" \/>\n<meta name=\"twitter:label1\" content=\"Dur\u00e9e de lecture estim\u00e9e\" \/>\n\t<meta name=\"twitter:data1\" content=\"1 minute\" \/>\n<script type=\"application\/ld+json\" class=\"yoast-schema-graph\">{\"@context\":\"https:\/\/schema.org\",\"@graph\":[{\"@type\":\"WebPage\",\"@id\":\"https:\/\/yoga-kundalini-dijon.com\/?page_id=777\",\"url\":\"https:\/\/yoga-kundalini-dijon.com\/?page_id=777\",\"name\":\"mentions l\u00e9gales - Sophie Machij\",\"isPartOf\":{\"@id\":\"https:\/\/yoga-kundalini-dijon.com\/#website\"},\"datePublished\":\"2022-07-20T08:49:46+00:00\",\"dateModified\":\"2022-07-20T08:49:47+00:00\",\"breadcrumb\":{\"@id\":\"https:\/\/yoga-kundalini-dijon.com\/?page_id=777#breadcrumb\"},\"inLanguage\":\"fr-FR\",\"potentialAction\":[{\"@type\":\"ReadAction\",\"target\":[\"https:\/\/yoga-kundalini-dijon.com\/?page_id=777\"]}]},{\"@type\":\"BreadcrumbList\",\"@id\":\"https:\/\/yoga-kundalini-dijon.com\/?page_id=777#breadcrumb\",\"itemListElement\":[{\"@type\":\"ListItem\",\"position\":1,\"name\":\"Accueil\",\"item\":\"https:\/\/yoga-kundalini-dijon.com\/\"},{\"@type\":\"ListItem\",\"position\":2,\"name\":\"mentions l\u00e9gales\"}]},{\"@type\":\"WebSite\",\"@id\":\"https:\/\/yoga-kundalini-dijon.com\/#website\",\"url\":\"https:\/\/yoga-kundalini-dijon.com\/\",\"name\":\"Sophie Machij\",\"description\":\"Kundalini yoga et Yin yoga\",\"publisher\":{\"@id\":\"https:\/\/yoga-kundalini-dijon.com\/#\/schema\/person\/6574539bab336f72befe0dcadc3018e6\"},\"potentialAction\":[{\"@type\":\"SearchAction\",\"target\":{\"@type\":\"EntryPoint\",\"urlTemplate\":\"https:\/\/yoga-kundalini-dijon.com\/?s={search_term_string}\"},\"query-input\":{\"@type\":\"PropertyValueSpecification\",\"valueRequired\":true,\"valueName\":\"search_term_string\"}}],\"inLanguage\":\"fr-FR\"},{\"@type\":[\"Person\",\"Organization\"],\"@id\":\"https:\/\/yoga-kundalini-dijon.com\/#\/schema\/person\/6574539bab336f72befe0dcadc3018e6\",\"name\":\"Sophie\",\"image\":{\"@type\":\"ImageObject\",\"inLanguage\":\"fr-FR\",\"@id\":\"https:\/\/yoga-kundalini-dijon.com\/#\/schema\/person\/image\/\",\"url\":\"https:\/\/yoga-kundalini-dijon.com\/wp-content\/uploads\/2022\/07\/Logo-900px.png\",\"contentUrl\":\"https:\/\/yoga-kundalini-dijon.com\/wp-content\/uploads\/2022\/07\/Logo-900px.png\",\"width\":970,\"height\":696,\"caption\":\"Sophie\"},\"logo\":{\"@id\":\"https:\/\/yoga-kundalini-dijon.com\/#\/schema\/person\/image\/\"}}]}<\/script>\n<!-- \/ Yoast SEO plugin. -->","yoast_head_json":{"title":"mentions l\u00e9gales - Sophie Machij","robots":{"index":"index","follow":"follow","max-snippet":"max-snippet:-1","max-image-preview":"max-image-preview:large","max-video-preview":"max-video-preview:-1"},"canonical":"https:\/\/yoga-kundalini-dijon.com\/?page_id=777","og_locale":"fr_FR","og_type":"article","og_title":"mentions l\u00e9gales - Sophie Machij","og_description":"MENTIONS L\u00c9GALESIci seront inscrites toutes les mentions l\u00e9gales, cr\u00e9dits photos, et autres infos pratiques","og_url":"https:\/\/yoga-kundalini-dijon.com\/?page_id=777","og_site_name":"Sophie Machij","article_modified_time":"2022-07-20T08:49:47+00:00","twitter_card":"summary_large_image","twitter_misc":{"Dur\u00e9e de lecture estim\u00e9e":"1 minute"},"schema":{"@context":"https:\/\/schema.org","@graph":[{"@type":"WebPage","@id":"https:\/\/yoga-kundalini-dijon.com\/?page_id=777","url":"https:\/\/yoga-kundalini-dijon.com\/?page_id=777","name":"mentions l\u00e9gales - Sophie Machij","isPartOf":{"@id":"https:\/\/yoga-kundalini-dijon.com\/#website"},"datePublished":"2022-07-20T08:49:46+00:00","dateModified":"2022-07-20T08:49:47+00:00","breadcrumb":{"@id":"https:\/\/yoga-kundalini-dijon.com\/?page_id=777#breadcrumb"},"inLanguage":"fr-FR","potentialAction":[{"@type":"ReadAction","target":["https:\/\/yoga-kundalini-dijon.com\/?page_id=777"]}]},{"@type":"BreadcrumbList","@id":"https:\/\/yoga-kundalini-dijon.com\/?page_id=777#breadcrumb","itemListElement":[{"@type":"ListItem","position":1,"name":"Accueil","item":"https:\/\/yoga-kundalini-dijon.com\/"},{"@type":"ListItem","position":2,"name":"mentions l\u00e9gales"}]},{"@type":"WebSite","@id":"https:\/\/yoga-kundalini-dijon.com\/#website","url":"https:\/\/yoga-kundalini-dijon.com\/","name":"Sophie Machij","description":"Kundalini yoga et Yin yoga","publisher":{"@id":"https:\/\/yoga-kundalini-dijon.com\/#\/schema\/person\/6574539bab336f72befe0dcadc3018e6"},"potentialAction":[{"@type":"SearchAction","target":{"@type":"EntryPoint","urlTemplate":"https:\/\/yoga-kundalini-dijon.com\/?s={search_term_string}"},"query-input":{"@type":"PropertyValueSpecification","valueRequired":true,"valueName":"search_term_string"}}],"inLanguage":"fr-FR"},{"@type":["Person","Organization"],"@id":"https:\/\/yoga-kundalini-dijon.com\/#\/schema\/person\/6574539bab336f72befe0dcadc3018e6","name":"Sophie","image":{"@type":"ImageObject","inLanguage":"fr-FR","@id":"https:\/\/yoga-kundalini-dijon.com\/#\/schema\/person\/image\/","url":"https:\/\/yoga-kundalini-dijon.com\/wp-content\/uploads\/2022\/07\/Logo-900px.png","contentUrl":"https:\/\/yoga-kundalini-dijon.com\/wp-content\/uploads\/2022\/07\/Logo-900px.png","width":970,"height":696,"caption":"Sophie"},"logo":{"@id":"https:\/\/yoga-kundalini-dijon.com\/#\/schema\/person\/image\/"}}]}},"_links":{"self":[{"href":"https:\/\/yoga-kundalini-dijon.com\/index.php?rest_route=\/wp\/v2\/pages\/777","targetHints":{"allow":["GET"]}}],"collection":[{"href":"https:\/\/yoga-kundalini-dijon.com\/index.php?rest_route=\/wp\/v2\/pages"}],"about":[{"href":"https:\/\/yoga-kundalini-dijon.com\/index.php?rest_route=\/wp\/v2\/types\/page"}],"author":[{"embeddable":true,"href":"https:\/\/yoga-kundalini-dijon.com\/index.php?rest_route=\/wp\/v2\/users\/1"}],"replies":[{"embeddable":true,"href":"https:\/\/yoga-kundalini-dijon.com\/index.php?rest_route=%2Fwp%2Fv2%2Fcomments&post=777"}],"version-history":[{"count":3,"href":"https:\/\/yoga-kundalini-dijon.com\/index.php?rest_route=\/wp\/v2\/pages\/777\/revisions"}],"predecessor-version":[{"id":782,"href":"https:\/\/yoga-kundalini-dijon.com\/index.php?rest_route=\/wp\/v2\/pages\/777\/revisions\/782"}],"wp:attachment":[{"href":"https:\/\/yoga-kundalini-dijon.com\/index.php?rest_route=%2Fwp%2Fv2%2Fmedia&parent=777"}],"curies":[{"name":"wp","href":"https:\/\/api.w.org\/{rel}","templated":true}]}}